{"id":1910,"date":"2023-04-05T17:42:20","date_gmt":"2023-04-05T17:42:20","guid":{"rendered":"https:\/\/ciemcq.com\/broker-details\/"},"modified":"2024-12-03T21:13:42","modified_gmt":"2024-12-03T21:13:42","slug":"broker-details","status":"publish","type":"page","link":"https:\/\/ciemcq.com\/en\/broker-details\/","title":{"rendered":"Broker details"},"content":{"rendered":"\t\t<div data-elementor-type=\"wp-page\" data-elementor-id=\"1910\" class=\"elementor elementor-1910 elementor-82\" data-elementor-post-type=\"page\">\n\t\t\t\t\t\t<section class=\"elementor-section elementor-top-section elementor-element elementor-element-dfbbf30 courtier__fiche--cus elementor-section-boxed elementor-section-height-default elementor-section-height-default\" data-id=\"dfbbf30\" data-element_type=\"section\">\n\t\t\t\t\t\t<div class=\"elementor-container elementor-column-gap-default\">\n\t\t\t\t\t<div class=\"elementor-column elementor-col-100 elementor-top-column elementor-element elementor-element-1ac7984\" data-id=\"1ac7984\" data-element_type=\"column\">\n\t\t\t<div class=\"elementor-widget-wrap elementor-element-populated\">\n\t\t\t\t\t\t<section class=\"elementor-section elementor-inner-section elementor-element elementor-element-f666f2f elementor-section-boxed elementor-section-height-default elementor-section-height-default\" data-id=\"f666f2f\" data-element_type=\"section\">\n\t\t\t\t\t\t<div class=\"elementor-container elementor-column-gap-default\">\n\t\t\t\t\t<div class=\"elementor-column elementor-col-50 elementor-inner-column elementor-element elementor-element-878e7ee\" data-id=\"878e7ee\" data-element_type=\"column\">\n\t\t\t<div class=\"elementor-widget-wrap elementor-element-populated\">\n\t\t\t\t\t\t<div class=\"elementor-element elementor-element-04f0ed8 elementor-widget__width-initial elementor-widget elementor-widget-si_single_part\" data-id=\"04f0ed8\" data-element_type=\"widget\" data-widget_type=\"si_single_part.default\">\n\t\t\t\t<div class=\"elementor-widget-container\">\n\t\t\t<div class=\"si-part si-align-stretch si-part-picture si si-part si-part-elementor si-part-picture align-stretch\" ><div class=\"si-picture\">\n        <img decoding=\"async\" src=\"{{model.photo.url}}\" \/>\n    <\/div><\/div>\t\t<\/div>\n\t\t\t\t<\/div>\n\t\t\t\t\t<\/div>\n\t\t<\/div>\n\t\t\t\t<div class=\"elementor-column elementor-col-50 elementor-inner-column elementor-element elementor-element-de85a3b\" data-id=\"de85a3b\" data-element_type=\"column\">\n\t\t\t<div class=\"elementor-widget-wrap elementor-element-populated\">\n\t\t\t\t\t\t<div class=\"elementor-element elementor-element-c0c7c2d elementor-widget elementor-widget-si_single_part\" data-id=\"c0c7c2d\" data-element_type=\"widget\" data-widget_type=\"si_single_part.default\">\n\t\t\t\t<div class=\"elementor-widget-container\">\n\t\t\t<div class=\"si-part si- align-center-phone si-part-name si si-part si-part-elementor si-part-name align-center-mobile si-allowed-elementor-typography\" ><div class=\"si-detail-section\">\n    <h1 class=\"si-name si-apply-typography\">\n        <span class=\"firstname notranslate\">{{model.first_name}}<\/span> <span class=\"lastname notranslate\">{{model.last_name}}<\/span>\n    <\/h1>\n<\/div><\/div>\t\t<\/div>\n\t\t\t\t<\/div>\n\t\t\t\t<div class=\"elementor-element elementor-element-2424e89 elementor-widget elementor-widget-si_single_part\" data-id=\"2424e89\" data-element_type=\"widget\" data-widget_type=\"si_single_part.default\">\n\t\t\t\t<div class=\"elementor-widget-container\">\n\t\t\t<div class=\"si-part si- align-center-phone si-part-license si si-part si-part-elementor si-part-license align-center-mobile si-allowed-elementor-typography\" ><div class=\"si-detail-section\">\n    <div class=\"si-license-title si-apply-typography\">\n        {{(model.title || model.license_type) | siApplyGenre : model.ref_number : model.genre | siBrokerTitle : model.ref_number }}\n    <\/div>\n<\/div><\/div>\t\t<\/div>\n\t\t\t\t<\/div>\n\t\t\t\t<div class=\"elementor-element elementor-element-0d86e50 elementor-widget elementor-widget-si_single_part\" data-id=\"0d86e50\" data-element_type=\"widget\" data-widget_type=\"si_single_part.default\">\n\t\t\t\t<div class=\"elementor-widget-container\">\n\t\t\t<div class=\"si-part si-align-start align-center-phone si-part-links si si-part si-part-elementor si-part-links align-start align-center-mobile\" ><div class=\"si-detail-section si-link-container si-apply-typography si-part-container\">\n    <div class=\"si-website-link \" ng-if=\"false && model.links.website\">\n        <a href=\"{{model.links.website}}\" class=\"id3-button id3-type-normal\" target=\"_blank\"><span>{{'Website'.siTranslate()}}<\/span> <si-icon>external-link<\/si-icon><\/a>\n    <\/div>\n\n    <div class=\"si-link-list\" ng-if=\"model.links.website || model.links.socials.length > 0\">\n        <div class=\"si-link-item {{model.links.socials.length == 0 ? 'si-show-label' : ''}}\" ng-if=\"model.links.website\">\n            <a href=\"{{model.links.website}}\" target=\"_blank\" title=\"{{'Website'.siTranslate()}}\"><si-icon>globe<\/si-icon> <span class=\"si-label\">{{'Website'.siTranslate()}}<\/span><\/a>\n        <\/div>\n\n        <div class=\"si-link-item\" data-ng-repeat=\"linkItem in model.links.socials\">\n            <a href=\"{{linkItem.url}}\" target=\"_blank\"><si-icon>{{linkItem.type}}<\/si-icon><\/a>\n        <\/div>\n    <\/div>\n    \n<\/div><\/div>\t\t<\/div>\n\t\t\t\t<\/div>\n\t\t\t\t<div class=\"elementor-element elementor-element-ddf8ec7 elementor-widget elementor-widget-si_single_part\" data-id=\"ddf8ec7\" data-element_type=\"widget\" data-widget_type=\"si_single_part.default\">\n\t\t\t\t<div class=\"elementor-widget-container\">\n\t\t\t<div class=\"si-part si-align-start align-center-phone si-part-contact si si-part si-part-elementor si-part-contact align-start align-center-mobile si-allowed-elementor-typography\" ><div class=\"si-detail-section si-contact si-part-container\">\n\n    <div class=\"si-actions\">\n        <div class=\"si-part si-align-center si-part-info-request si-prevent-typography\" ><div class=\"si-part si-align-center si-part-info-request-button \" >\n<div class=\"information_request\">\n    <button data-target=\"information_request\" ng-disabled=\"context.sending_message===true\" ng-if=\"request_sent == undefined\" type=\"button\" class=\"si-modal-trigger si-type-action si-button\"><si-icon class=\"{{context.sending_message===true ? 'fa-spin fa-spinner-third' : 'fa-info-circle'}}\"><\/si-icon> Information request<\/button><button data-target=\"information_request\" ng-disabled=\"true\" ng-if=\"request_sent === true\" type=\"button\" class=\"si-modal-trigger si-button\">Thank you<\/button><\/div>\n\n<\/div>\n<div class=\"si-part si-align-center si-part-info-request-modal \" >\n<si-modal \n    data-modal-id=\"information_request\" \n    data-modal-title=\"{{'Message for {0}'.siTranslate().siFormat(model.first_name)}}\"\n    data-ok-label=\"Send\"\n        data-on-ok=\"sendMessage()\"\n    data-on-validate=\"validateMessage($model)\">\n    \n    <div class=\"si-part si-align-center si-part-info-request-form \" >\r\n<div class=\"info-request si-info-request form basic\">\r\n        <form name=\"requestForm\">\r\n        <div class=\"firstname input-container si-input-container\">\r\n            <div class=\"input si-input\">\r\n                <input type=\"text\" data-ng-model=\"message_model.firstname\" required placeholder=\"First name\" \/>\r\n            <\/div>\r\n        <\/div>\r\n\r\n        <div class=\"lastname input-container si-input-container\">\r\n            <div class=\"input si-input\" >\r\n                <input type=\"text\" data-ng-model=\"message_model.lastname\" required placeholder=\"Last name\" \/>\r\n            <\/div>\r\n        <\/div>\r\n\r\n        <div class=\"phone input-container si-input-container\">\r\n            <div class=\"input si-input\">\r\n                <input type=\"text\" data-ng-model=\"message_model.phone\" required placeholder=\"Phone\" \/>\r\n            <\/div>\r\n        <\/div>\r\n\r\n        <div class=\"email input-container si-input-container\">\r\n            <div class=\"input si-input\">\r\n                <input type=\"email\" data-ng-model=\"message_model.email\" required placeholder=\"Email\" \/>\r\n            <\/div>\r\n        <\/div>\r\n\r\n        <div class=\"subject input-container si-input-container\">\r\n            <div class=\"input si-input\">\r\n                <input type=\"text\" data-ng-model=\"message_model.subject\" required placeholder=\"Subject\" \/>\r\n            <\/div>\r\n        <\/div>\r\n\r\n        <div class=\"message input-container si-input-container\">\r\n            <div class=\"input si-input\">\r\n                <textarea rows=\"5\" data-ng-model=\"message_model.message\" placeholder=\"Message\"><\/textarea>\r\n            <\/div>\r\n        <\/div>\r\n    <\/form>\r\n    <\/div><\/div>    \n<\/si-modal><\/div><\/div>    <\/div>    \n\n    <div class=\"si-phone-list si-apply-typography si-flex-column-phone\">\n        <div class=\"si-item si-phone-type-{{key}}\" data-ng-repeat=\"(key,phone) in model.phones\" ng-if=\"phone != ''\">\n            <a href=\"tel:{{phone}}\"><si-icon>{{getPhoneIcon(key)}}<\/si-icon> <span class=\"si-prefix\">{{key.siTranslate()}}:<\/span> <span class=\"si-label\">{{phone}}<\/span><\/a>\n        <\/div>\n    <\/div>\n    \n<\/div><\/div>\t\t<\/div>\n\t\t\t\t<\/div>\n\t\t\t\t<div class=\"elementor-element elementor-element-eb535c2 elementor-widget elementor-widget-si_single_part\" data-id=\"eb535c2\" data-element_type=\"widget\" data-widget_type=\"si_single_part.default\">\n\t\t\t\t<div class=\"elementor-widget-container\">\n\t\t\t<div class=\"si-part si-align-start align-center-phone si-part-office si si-part si-part-elementor si-part-office align-start align-center-mobile\" ><div class=\"si-detail-section si-office\">\n    <div class=\"si-item-content\">\n        <div class=\"si-name notranslate\"><a href=\"{{model.office.permalink}}\" style=\"{{model.office.permalink=='' ? 'display:contents;pointer-events:none;' : ''}}\">{{model.office.agency.name}}<\/a><\/div>\n        <div class=\"si-license\">{{model.office.agency.license_type}}<\/div>\n\n        <div class=\"si-location\">\n            <div class=\"si-address\">{{model.office.location.address.street_number}} {{model.office.location.address.street_name}}, {{model.office.location.city}}<\/div>\n            <div class=\"si-country\">{{model.office.location.state}}, {{model.office.location.country}}<\/div>\n        <\/div>\n        \n    <\/div>\n<\/div><\/div>\t\t<\/div>\n\t\t\t\t<\/div>\n\t\t\t\t\t<\/div>\n\t\t<\/div>\n\t\t\t\t\t<\/div>\n\t\t<\/section>\n\t\t\t\t<div class=\"elementor-element elementor-element-40c7950 elementor-widget__width-initial elementor-widget elementor-widget-si_single_part\" data-id=\"40c7950\" data-element_type=\"widget\" data-widget_type=\"si_single_part.default\">\n\t\t\t\t<div class=\"elementor-widget-container\">\n\t\t\t<div class=\"si-part si- align-center-phone si-part-specs si si-part si-part-elementor si-part-specs align-center-mobile\" ><div class=\"si-detail-section si-specs\" ng-if=\"[model.languages,model.experience_start_date] | siHasValue\">\n\n        <div class=\"si-extra-item\" ng-if=\"model.languages | siHasValue\">\n            <div class=\"si-label\">Spoken language(s)<\/div>\n            <div class=\"si-value {{model.languages.length > 1 ? 'si-multiple' : ''}}\">\n                <span ng-repeat=\"lang in model.languages\">{{lang | captionOf  : 'language'}}<\/span>\n            <\/div>\n        <\/div>\n\n        <div class=\"si-extra-item\" ng-if=\"model.experience_start_date | siHasValue\">\n            <div class=\"si-label\">Experience<\/div>\n            <div class=\"si-value\">\n                <span>{{model.experience_start_date | timeLength}}<\/span>\n            <\/div>\n        <\/div>\n\n        <div class=\"si-extra-item si-protections\" ng-if=\"model.protection_codes | siHasValue\">\n            <div class=\"si-label\">Protections<\/div>\n            <div class=\"si-value .{{model.protection_codes.join(' .').toLowerCase()}}\">\n                <span ng-repeat=\"protection in model.protection_codes\" class=\"{{protection.toLowerCase()}}\">\n                    <span>{{protection | captionOf : 'protection'}}<\/span>\n                <\/span>\n            <\/div>\n        <\/div>\n    \n<\/div><\/div>\t\t<\/div>\n\t\t\t\t<\/div>\n\t\t\t\t<div class=\"elementor-element elementor-element-0bf8a14 elementor-widget elementor-widget-si_single_part\" data-id=\"0bf8a14\" data-element_type=\"widget\" data-widget_type=\"si_single_part.default\">\n\t\t\t\t<div class=\"elementor-widget-container\">\n\t\t\t<div class=\"si-part si- align-center-phone si-part-rating si si-part si-part-elementor si-part-rating align-center-mobile\" ><div class=\"si-detail-section rating\" ng-if=\"model.rating_global | siHasValue\">\n    <si-star-rating si-value=\"model.rating_global\"><\/si-star-rating>\n    <div class=\"si-comments-link\" \n        ng-if=\"(model.reviews.length > 0) && ('#si-part-reviews' | siElementExists)\"\n        ng-click=\"scrollTo('#si-part-reviews')\">\n        See all comments ({{model.reviews.length}})\n    <\/div>\n<\/div><\/div>\t\t<\/div>\n\t\t\t\t<\/div>\n\t\t\t\t<div class=\"elementor-element elementor-element-baa9ff1 elementor-widget elementor-widget-si_single_part\" data-id=\"baa9ff1\" data-element_type=\"widget\" data-widget_type=\"si_single_part.default\">\n\t\t\t\t<div class=\"elementor-widget-container\">\n\t\t\t<div class=\"si-part si- align-center-phone si-part-listings si si-part si-part-elementor si-part-listings align-center-mobile\" >        \n        <si-small-list class=\"listing-list si-list-of-listings\"\n                si-options='{show_header:true,filter:{max_item_count:0,sort_fields:\"\"}}'\n                                si-type=\"listings\" si-filters=\"{field:'brokers_ref_numbers', operator : 'array_contains', value: ''}\" ><\/si-small-list>\n        <script type=\"text\/ng-template\" id=\"si-template-for-listings\" layout=\"standard\">\n<article \n    class=\"si-item si-listing-item si-single-layer-item-layout si-background cus-propriete style-standard si-img-hover-effect-gallery {{getClassList(item)}}\" ng-cloak\n        data-ng-mouseover=\"handleListItemOver($event, item)\"\n        data-si-hover-class=\"\"\n        si-image-rotator=\"{{item.ref_number}}:listings-all\" >\n        \n    <a href=\"{{item.permalink}}\" ng-if=\"item\">\n        <div class=\"si-item-content\">\n            <div class=\"si-layer-container\">\n                <div class=\"si-layer si-main-layer\" style=\"\"><div class=\"si-layer-content\"><div class=\"si-label si-padding si-text-align-center cus-header-background si-price\" si-anchor-to=\"si-float-anchor\">{{formatPrice(item) || \"&nbsp;\"}}<\/div><div class=\"si-label si-padding si-text-align-center cus-header-background si-price-sold\" si-anchor-to=\"si-float-anchor\">{{formatPrice(item) || \"&nbsp;\"}}<\/div>      <div class=\"si-flags si-float-top-right si-padding si-padding-size-slim\" si-anchor-to=\"si-float-anchor\" si-hide-empty=\"hard\">\n          <div class=\"si-flag si-video\"><si-icon title=\"{{'Video'.siTranslate()}}\">video<\/si-icon> <span class=\"si-label\">{{'Video'.siTranslate()}}<\/span><\/div>\n          <div class=\"si-flag si-virtual-tour\"><si-icon title=\"{{'Virtual tour'.siTranslate()}}\">vr-cardboard<\/si-icon> <span class=\"si-label\">{{'Virtual tour'.siTranslate()}}<\/span><\/div>\n          <div class=\"si-flag si-new-item\"><si-icon title=\"{{'New'.siTranslate()}}\">star<\/si-icon> <span class=\"si-label\">{{'New'.siTranslate()}}<\/span><\/div>\n      <\/div>\n            <div si-lazy-load class=\"si-image si-lazy-loading si-float-anchor\" >\n          <img data-si-src=\"{{item.photo_url}}\" data-si-error-src=\"~\/styles\/assets\/shadow_listing.jpg\" data-si-srcset=\"{{item.photo_url}}\" data-si-quality-preference=\"\" \/>\n      <\/div>         \n      <div class=\"si-label-group si-padding cus-prop-info si-text-align-center si-background-medium-contrast\" si-anchor-to=\"si-float-anchor\" style=\"--items-count:4\"><div class=\"si-label si-address si-text-upper si-text-truncate notranslate\" si-anchor-to=\"si-float-anchor\">{{item.location.civic_address}}<\/div><div class=\"si-label si-city si-text-truncate notranslate\" si-anchor-to=\"si-float-anchor\">{{item.location.city}}<\/div><div class=\"si-label  si-category \" si-anchor-to=\"si-float-anchor\">{{item.category}}<\/div><div class=\"si-label si-text-truncate si-subcategory \" si-anchor-to=\"si-float-anchor\">{{item.subcategory}}<\/div><\/div>      <div class=\"si-label si-open-houses si-weight-emphasis si-float-top-left\" si-anchor-to=\"si-float-anchor\" si-hide-empty=\"hard\" si-hide-empty=\"hard\">\n          <div class=\"si-open-house-item\">\n              <si-icon>calendar-alt<\/si-icon> <span>{{'Open house'.siTranslate()}}<\/span> <span am-time-ago=\"item.open_houses[0].start_date\"><\/span>\n          <\/div>\n      <\/div>\n      <\/div><\/div>            <\/div>\n        <\/div>\n    <\/a>\n<\/article><\/script><\/div>\t\t<\/div>\n\t\t\t\t<\/div>\n\t\t\t\t\t<\/div>\n\t\t<\/div>\n\t\t\t\t\t<\/div>\n\t\t<\/section>\n\t\t\t\t<\/div>\n\t\t","protected":false},"excerpt":{"rendered":"<p>Parti d&#8217;un \u00e9l\u00e9ment photo John Doe Parti d&#8217;un \u00e9l\u00e9ment name Courtier immobilier agr\u00e9\u00e9 DA Parti d&#8217;un \u00e9l\u00e9ment license Follow on Website Parti d&#8217;un \u00e9l\u00e9ment links Envoyer un message Merci (514) 555-9283 (514) 555-2611 Parti d&#8217;un \u00e9l\u00e9ment contact Future 3000 Estate Real Estate Agency 230 rue Moncalm, Smallville State, Country Parti d&#8217;un \u00e9l\u00e9ment bureau Langue(s) parl\u00e9e(s) [&hellip;]<\/p>\n","protected":false},"author":1,"featured_media":0,"parent":0,"menu_order":0,"comment_status":"closed","ping_status":"closed","template":"","meta":{"footnotes":""},"class_list":["post-1910","page","type-page","status-publish","hentry"],"yoast_head":"<!-- This site is optimized with the Yoast SEO plugin v24.0 - https:\/\/yoast.com\/wordpress\/plugins\/seo\/ -->\n<title>Broker details - Chambre Immobili\u00e8re Estrie-Mauricie-Centre Du Qu\u00e9bec<\/title>\n<meta name=\"robots\" content=\"index, follow, max-snippet:-1, max-image-preview:large, max-video-preview:-1\" \/>\n<link rel=\"canonical\" href=\"https:\/\/ciemcq.com\/en\/broker-details\/\" \/>\n<meta property=\"og:locale\" content=\"en_US\" \/>\n<meta property=\"og:type\" content=\"article\" \/>\n<meta property=\"og:title\" content=\"Broker details - Chambre Immobili\u00e8re Estrie-Mauricie-Centre Du Qu\u00e9bec\" \/>\n<meta property=\"og:description\" content=\"Parti d&#8217;un \u00e9l\u00e9ment photo John Doe Parti d&#8217;un \u00e9l\u00e9ment name Courtier immobilier agr\u00e9\u00e9 DA Parti d&#8217;un \u00e9l\u00e9ment license Follow on Website Parti d&#8217;un \u00e9l\u00e9ment links Envoyer un message Merci (514) 555-9283 (514) 555-2611 Parti d&#8217;un \u00e9l\u00e9ment contact Future 3000 Estate Real Estate Agency 230 rue Moncalm, Smallville State, Country Parti d&#8217;un \u00e9l\u00e9ment bureau Langue(s) parl\u00e9e(s) [&hellip;]\" \/>\n<meta property=\"og:url\" content=\"https:\/\/ciemcq.com\/en\/broker-details\/\" \/>\n<meta property=\"og:site_name\" content=\"Chambre Immobili\u00e8re Estrie-Mauricie-Centre Du Qu\u00e9bec\" \/>\n<meta property=\"article:modified_time\" content=\"2024-12-03T21:13:42+00:00\" \/>\n<meta name=\"twitter:card\" content=\"summary_large_image\" \/>\n<meta name=\"twitter:label1\" content=\"Est. reading time\" \/>\n\t<meta name=\"twitter:data1\" content=\"1 minute\" \/>\n<script type=\"application\/ld+json\" class=\"yoast-schema-graph\">{\"@context\":\"https:\/\/schema.org\",\"@graph\":[{\"@type\":\"WebPage\",\"@id\":\"https:\/\/ciemcq.com\/en\/broker-details\/\",\"url\":\"https:\/\/ciemcq.com\/en\/broker-details\/\",\"name\":\"Broker details - Chambre Immobili\u00e8re Estrie-Mauricie-Centre Du Qu\u00e9bec\",\"isPartOf\":{\"@id\":\"https:\/\/ciemcq.com\/en\/#website\"},\"datePublished\":\"2023-04-05T17:42:20+00:00\",\"dateModified\":\"2024-12-03T21:13:42+00:00\",\"breadcrumb\":{\"@id\":\"https:\/\/ciemcq.com\/en\/broker-details\/#breadcrumb\"},\"inLanguage\":\"en-US\",\"potentialAction\":[{\"@type\":\"ReadAction\",\"target\":[\"https:\/\/ciemcq.com\/en\/broker-details\/\"]}]},{\"@type\":\"BreadcrumbList\",\"@id\":\"https:\/\/ciemcq.com\/en\/broker-details\/#breadcrumb\",\"itemListElement\":[{\"@type\":\"ListItem\",\"position\":1,\"name\":\"Accueil\",\"item\":\"https:\/\/ciemcq.com\/en\/home\/\"},{\"@type\":\"ListItem\",\"position\":2,\"name\":\"Broker details\"}]},{\"@type\":\"WebSite\",\"@id\":\"https:\/\/ciemcq.com\/en\/#website\",\"url\":\"https:\/\/ciemcq.com\/en\/\",\"name\":\"Chambre Immobili\u00e8re Estrie-Mauricie-Centre Du Qu\u00e9bec\",\"description\":\"La r\u00e9f\u00e9rence incontournable en immobilier\",\"publisher\":{\"@id\":\"https:\/\/ciemcq.com\/en\/#organization\"},\"potentialAction\":[{\"@type\":\"SearchAction\",\"target\":{\"@type\":\"EntryPoint\",\"urlTemplate\":\"https:\/\/ciemcq.com\/en\/?s={search_term_string}\"},\"query-input\":{\"@type\":\"PropertyValueSpecification\",\"valueRequired\":true,\"valueName\":\"search_term_string\"}}],\"inLanguage\":\"en-US\"},{\"@type\":\"Organization\",\"@id\":\"https:\/\/ciemcq.com\/en\/#organization\",\"name\":\"Chambre Immobili\u00e8re Estrie-Mauricie-Centre Du Qu\u00e9bec\",\"url\":\"https:\/\/ciemcq.com\/en\/\",\"logo\":{\"@type\":\"ImageObject\",\"inLanguage\":\"en-US\",\"@id\":\"https:\/\/ciemcq.com\/en\/#\/schema\/logo\/image\/\",\"url\":\"https:\/\/ciemcq.com\/wp-content\/uploads\/2023\/03\/chambireImmobiliere_logoBlack_horizontal.svg\",\"contentUrl\":\"https:\/\/ciemcq.com\/wp-content\/uploads\/2023\/03\/chambireImmobiliere_logoBlack_horizontal.svg\",\"width\":338,\"height\":69,\"caption\":\"Chambre Immobili\u00e8re Estrie-Mauricie-Centre Du Qu\u00e9bec\"},\"image\":{\"@id\":\"https:\/\/ciemcq.com\/en\/#\/schema\/logo\/image\/\"}}]}<\/script>\n<!-- \/ Yoast SEO plugin. -->","yoast_head_json":{"title":"Broker details - Chambre Immobili\u00e8re Estrie-Mauricie-Centre Du Qu\u00e9bec","robots":{"index":"index","follow":"follow","max-snippet":"max-snippet:-1","max-image-preview":"max-image-preview:large","max-video-preview":"max-video-preview:-1"},"canonical":"https:\/\/ciemcq.com\/en\/broker-details\/","og_locale":"en_US","og_type":"article","og_title":"Broker details - Chambre Immobili\u00e8re Estrie-Mauricie-Centre Du Qu\u00e9bec","og_description":"Parti d&#8217;un \u00e9l\u00e9ment photo John Doe Parti d&#8217;un \u00e9l\u00e9ment name Courtier immobilier agr\u00e9\u00e9 DA Parti d&#8217;un \u00e9l\u00e9ment license Follow on Website Parti d&#8217;un \u00e9l\u00e9ment links Envoyer un message Merci (514) 555-9283 (514) 555-2611 Parti d&#8217;un \u00e9l\u00e9ment contact Future 3000 Estate Real Estate Agency 230 rue Moncalm, Smallville State, Country Parti d&#8217;un \u00e9l\u00e9ment bureau Langue(s) parl\u00e9e(s) [&hellip;]","og_url":"https:\/\/ciemcq.com\/en\/broker-details\/","og_site_name":"Chambre Immobili\u00e8re Estrie-Mauricie-Centre Du Qu\u00e9bec","article_modified_time":"2024-12-03T21:13:42+00:00","twitter_card":"summary_large_image","twitter_misc":{"Est. reading time":"1 minute"},"schema":{"@context":"https:\/\/schema.org","@graph":[{"@type":"WebPage","@id":"https:\/\/ciemcq.com\/en\/broker-details\/","url":"https:\/\/ciemcq.com\/en\/broker-details\/","name":"Broker details - Chambre Immobili\u00e8re Estrie-Mauricie-Centre Du Qu\u00e9bec","isPartOf":{"@id":"https:\/\/ciemcq.com\/en\/#website"},"datePublished":"2023-04-05T17:42:20+00:00","dateModified":"2024-12-03T21:13:42+00:00","breadcrumb":{"@id":"https:\/\/ciemcq.com\/en\/broker-details\/#breadcrumb"},"inLanguage":"en-US","potentialAction":[{"@type":"ReadAction","target":["https:\/\/ciemcq.com\/en\/broker-details\/"]}]},{"@type":"BreadcrumbList","@id":"https:\/\/ciemcq.com\/en\/broker-details\/#breadcrumb","itemListElement":[{"@type":"ListItem","position":1,"name":"Accueil","item":"https:\/\/ciemcq.com\/en\/home\/"},{"@type":"ListItem","position":2,"name":"Broker details"}]},{"@type":"WebSite","@id":"https:\/\/ciemcq.com\/en\/#website","url":"https:\/\/ciemcq.com\/en\/","name":"Chambre Immobili\u00e8re Estrie-Mauricie-Centre Du Qu\u00e9bec","description":"La r\u00e9f\u00e9rence incontournable en immobilier","publisher":{"@id":"https:\/\/ciemcq.com\/en\/#organization"},"potentialAction":[{"@type":"SearchAction","target":{"@type":"EntryPoint","urlTemplate":"https:\/\/ciemcq.com\/en\/?s={search_term_string}"},"query-input":{"@type":"PropertyValueSpecification","valueRequired":true,"valueName":"search_term_string"}}],"inLanguage":"en-US"},{"@type":"Organization","@id":"https:\/\/ciemcq.com\/en\/#organization","name":"Chambre Immobili\u00e8re Estrie-Mauricie-Centre Du Qu\u00e9bec","url":"https:\/\/ciemcq.com\/en\/","logo":{"@type":"ImageObject","inLanguage":"en-US","@id":"https:\/\/ciemcq.com\/en\/#\/schema\/logo\/image\/","url":"https:\/\/ciemcq.com\/wp-content\/uploads\/2023\/03\/chambireImmobiliere_logoBlack_horizontal.svg","contentUrl":"https:\/\/ciemcq.com\/wp-content\/uploads\/2023\/03\/chambireImmobiliere_logoBlack_horizontal.svg","width":338,"height":69,"caption":"Chambre Immobili\u00e8re Estrie-Mauricie-Centre Du Qu\u00e9bec"},"image":{"@id":"https:\/\/ciemcq.com\/en\/#\/schema\/logo\/image\/"}}]}},"_links":{"self":[{"href":"https:\/\/ciemcq.com\/en\/wp-json\/wp\/v2\/pages\/1910","targetHints":{"allow":["GET"]}}],"collection":[{"href":"https:\/\/ciemcq.com\/en\/wp-json\/wp\/v2\/pages"}],"about":[{"href":"https:\/\/ciemcq.com\/en\/wp-json\/wp\/v2\/types\/page"}],"author":[{"embeddable":true,"href":"https:\/\/ciemcq.com\/en\/wp-json\/wp\/v2\/users\/1"}],"replies":[{"embeddable":true,"href":"https:\/\/ciemcq.com\/en\/wp-json\/wp\/v2\/comments?post=1910"}],"version-history":[{"count":2,"href":"https:\/\/ciemcq.com\/en\/wp-json\/wp\/v2\/pages\/1910\/revisions"}],"predecessor-version":[{"id":2279,"href":"https:\/\/ciemcq.com\/en\/wp-json\/wp\/v2\/pages\/1910\/revisions\/2279"}],"wp:attachment":[{"href":"https:\/\/ciemcq.com\/en\/wp-json\/wp\/v2\/media?parent=1910"}],"curies":[{"name":"wp","href":"https:\/\/api.w.org\/{rel}","templated":true}]}}