{"id":1858,"date":"2023-04-14T19:15:54","date_gmt":"2023-04-14T19:15:54","guid":{"rendered":"https:\/\/ciemcq.com\/services\/to-buy-or-sell-at-the-right-price\/"},"modified":"2023-06-21T17:54:51","modified_gmt":"2023-06-21T17:54:51","slug":"to-buy-or-sell-at-the-right-price","status":"publish","type":"page","link":"https:\/\/ciemcq.com\/en\/services\/to-buy-or-sell-at-the-right-price\/","title":{"rendered":"To buy or sell at the right price"},"content":{"rendered":"\t\t<div data-elementor-type=\"wp-page\" data-elementor-id=\"1858\" class=\"elementor elementor-1858 elementor-859\" data-elementor-post-type=\"page\">\n\t\t\t\t\t\t<section class=\"elementor-section elementor-top-section elementor-element elementor-element-9b96617 elementor-section-height-min-height elementor-section-items-stretch elementor-section-content-middle background__mask--global elementor-section-boxed elementor-section-height-default\" data-id=\"9b96617\" data-element_type=\"section\" id=\"background__mask\" data-settings=\"{&quot;background_background&quot;:&quot;classic&quot;}\">\n\t\t\t\t\t\t\t<div class=\"elementor-background-overlay\"><\/div>\n\t\t\t\t\t\t\t<div class=\"elementor-container elementor-column-gap-default\">\n\t\t\t\t\t<div class=\"elementor-column elementor-col-100 elementor-top-column elementor-element elementor-element-dd123cc\" data-id=\"dd123cc\" data-element_type=\"column\" data-settings=\"{&quot;background_background&quot;:&quot;classic&quot;}\">\n\t\t\t<div class=\"elementor-widget-wrap elementor-element-populated\">\n\t\t\t\t\t<div class=\"elementor-background-overlay\"><\/div>\n\t\t\t\t\t\t<section class=\"elementor-section elementor-inner-section elementor-element elementor-element-613e603 elementor-section-boxed elementor-section-height-default elementor-section-height-default\" data-id=\"613e603\" data-element_type=\"section\">\n\t\t\t\t\t\t<div class=\"elementor-container elementor-column-gap-default\">\n\t\t\t\t\t<div class=\"elementor-column elementor-col-50 elementor-inner-column elementor-element elementor-element-90e98c5\" data-id=\"90e98c5\" data-element_type=\"column\">\n\t\t\t<div class=\"elementor-widget-wrap elementor-element-populated\">\n\t\t\t\t\t\t<div class=\"elementor-element elementor-element-4c468d7 elementor-widget__width-initial header__interne--surtitre elementor-widget elementor-widget-heading\" data-id=\"4c468d7\" data-element_type=\"widget\" data-widget_type=\"heading.default\">\n\t\t\t\t<div class=\"elementor-widget-container\">\n\t\t\t<p class=\"elementor-heading-title elementor-size-default\">The reference<br>in real estate for over <span>65 years<\/span><\/p>\t\t<\/div>\n\t\t\t\t<\/div>\n\t\t\t\t<div class=\"elementor-element elementor-element-c2e6703 elementor-widget__width-initial elementor-widget elementor-widget-heading\" data-id=\"c2e6703\" data-element_type=\"widget\" data-widget_type=\"heading.default\">\n\t\t\t\t<div class=\"elementor-widget-container\">\n\t\t\t<h1 class=\"elementor-heading-title elementor-size-default\">To buy or sell at the right price<\/h1>\t\t<\/div>\n\t\t\t\t<\/div>\n\t\t\t\t\t<\/div>\n\t\t<\/div>\n\t\t\t\t<div class=\"elementor-column elementor-col-50 elementor-inner-column elementor-element elementor-element-3472bb7 elementor-hidden-mobile_extra elementor-hidden-mobile\" data-id=\"3472bb7\" data-element_type=\"column\">\n\t\t\t<div class=\"elementor-widget-wrap\">\n\t\t\t\t\t\t\t<\/div>\n\t\t<\/div>\n\t\t\t\t\t<\/div>\n\t\t<\/section>\n\t\t\t\t\t<\/div>\n\t\t<\/div>\n\t\t\t\t\t<\/div>\n\t\t<\/section>\n\t\t\t\t<section class=\"elementor-section elementor-top-section elementor-element elementor-element-6af7dda elementor-section-boxed elementor-section-height-default elementor-section-height-default\" data-id=\"6af7dda\" data-element_type=\"section\">\n\t\t\t\t\t\t<div class=\"elementor-container elementor-column-gap-default\">\n\t\t\t\t\t<div class=\"elementor-column elementor-col-100 elementor-top-column elementor-element elementor-element-50cfbb6\" data-id=\"50cfbb6\" data-element_type=\"column\">\n\t\t\t<div class=\"elementor-widget-wrap elementor-element-populated\">\n\t\t\t\t\t\t<section class=\"elementor-section elementor-inner-section elementor-element elementor-element-f33a139 elementor-section-content-middle elementor-section-boxed elementor-section-height-default elementor-section-height-default\" data-id=\"f33a139\" data-element_type=\"section\">\n\t\t\t\t\t\t<div class=\"elementor-container elementor-column-gap-default\">\n\t\t\t\t\t<div class=\"elementor-column elementor-col-33 elementor-inner-column elementor-element elementor-element-890e325\" data-id=\"890e325\" data-element_type=\"column\">\n\t\t\t<div class=\"elementor-widget-wrap elementor-element-populated\">\n\t\t\t\t\t\t<div class=\"elementor-element elementor-element-4891866 elementor-widget__width-auto elementor-widget elementor-widget-image\" data-id=\"4891866\" data-element_type=\"widget\" data-widget_type=\"image.default\">\n\t\t\t\t<div class=\"elementor-widget-container\">\n\t\t\t\t\t\t\t\t\t\t\t\t\t<img fetchpriority=\"high\" decoding=\"async\" width=\"440\" height=\"440\" src=\"https:\/\/ciemcq.com\/wp-content\/uploads\/2023\/04\/chambireImmobiliere_service_economier.png\" class=\"attachment-full size-full wp-image-1079\" alt=\"\" srcset=\"https:\/\/ciemcq.com\/wp-content\/uploads\/2023\/04\/chambireImmobiliere_service_economier.png 440w, https:\/\/ciemcq.com\/wp-content\/uploads\/2023\/04\/chambireImmobiliere_service_economier-300x300.png 300w, https:\/\/ciemcq.com\/wp-content\/uploads\/2023\/04\/chambireImmobiliere_service_economier-150x150.png 150w\" sizes=\"(max-width: 440px) 100vw, 440px\" \/>\t\t\t\t\t\t\t\t\t\t\t\t\t<\/div>\n\t\t\t\t<\/div>\n\t\t\t\t<div class=\"elementor-element elementor-element-84150e8 elementor-widget__width-auto elementor-absolute demiCercle__htm--moyen demiCercle__html--widget  e-transform elementor-widget elementor-widget-html\" data-id=\"84150e8\" data-element_type=\"widget\" data-settings=\"{&quot;_position&quot;:&quot;absolute&quot;,&quot;_transform_translateX_effect_mobile_extra&quot;:{&quot;unit&quot;:&quot;%&quot;,&quot;size&quot;:-50,&quot;sizes&quot;:[]},&quot;_transform_translateX_effect_mobile&quot;:{&quot;unit&quot;:&quot;%&quot;,&quot;size&quot;:&quot;&quot;,&quot;sizes&quot;:[]},&quot;_transform_translateY_effect&quot;:{&quot;unit&quot;:&quot;%&quot;,&quot;size&quot;:-50,&quot;sizes&quot;:[]},&quot;_transform_translateY_effect_tablet&quot;:{&quot;unit&quot;:&quot;%&quot;,&quot;size&quot;:-50,&quot;sizes&quot;:[]},&quot;_transform_translateY_effect_mobile_extra&quot;:{&quot;unit&quot;:&quot;%&quot;,&quot;size&quot;:&quot;&quot;,&quot;sizes&quot;:[]},&quot;_transform_translateY_effect_mobile&quot;:{&quot;unit&quot;:&quot;%&quot;,&quot;size&quot;:&quot;&quot;,&quot;sizes&quot;:[]},&quot;_transform_translateX_effect&quot;:{&quot;unit&quot;:&quot;%&quot;,&quot;size&quot;:&quot;&quot;,&quot;sizes&quot;:[]},&quot;_transform_translateX_effect_tablet&quot;:{&quot;unit&quot;:&quot;%&quot;,&quot;size&quot;:&quot;&quot;,&quot;sizes&quot;:[]}}\" data-widget_type=\"html.default\">\n\t\t\t\t<div class=\"elementor-widget-container\">\n\t\t\t<?xml version=\"1.0\" encoding=\"utf-8\"?????>\n<!-- Generator: Adobe Illustrator 26.1.0, SVG Export Plug-In . SVG Version: 6.00 Build 0) -->\n<svg version=\"1.1\" class=\"demi_cercle\" xmlns=\"http:\/\/www.w3.org\/2000\/svg\" x=\"0px\" y=\"0px\" width=\"540px\" height=\"540px\" viewbox=\"0 0 540 540\" style=\"enable-background:new 0 0 540 540;\" space=\"preserve\" xmlns:xlink=\"http:\/\/www.w3.org\/1999\/xlink\">\n<g>\n\t<path id=\"demi_droite\" style=\"fill:#8A8B8E;\" d=\"M270.001,270.001l211.223-168.182c44.587,55.998,65.125,127.491,57.057,198.616 s-44.099,136.201-100.098,180.788L270.001,270.001z\"\/>\n\t<path id=\"demi_bas\" style=\"fill:#CF363B;\" d=\"M270.001,270.001L58.778,438.182c44.587,55.998,109.663,92.029,180.788,100.098 s142.618-12.469,198.616-57.057L270.001,270.001z\"\/>\n<\/g>\n<\/svg>\n\t\t<\/div>\n\t\t\t\t<\/div>\n\t\t\t\t\t<\/div>\n\t\t<\/div>\n\t\t\t\t<div class=\"elementor-column elementor-col-66 elementor-inner-column elementor-element elementor-element-b97a2ce\" data-id=\"b97a2ce\" data-element_type=\"column\">\n\t\t\t<div class=\"elementor-widget-wrap elementor-element-populated\">\n\t\t\t\t\t\t<div class=\"elementor-element elementor-element-aa075f2 elementor-widget__width-initial elementor-widget elementor-widget-text-editor\" data-id=\"aa075f2\" data-element_type=\"widget\" data-widget_type=\"text-editor.default\">\n\t\t\t\t<div class=\"elementor-widget-container\">\n\t\t\t\t\t\t\t<p>Your real estate broker can take care of everything when selling your property: setting the asking price, making inquiries, managing calls and visits, promoting your property to potential buyers, negotiating the contract, and more.<\/p>\n<p>Your broker will first help you determine the right price when you put your property up for sale. This will help you attract as many potential buyers as possible, and significantly increase your chances of selling your property quickly. <\/p>\n<p>To assess the fair value of your property, your real estate broker has privileged access to the Centris\u00ae system. This network is reserved exclusively for brokers who are members of a real estate board, and is much more comprehensive than the public <a href=\"http:\/\/www.centris.ca\/\" target=\"_blank\" rel=\"noopener\">centris.ca<\/a> site. <\/p>\n\t\t\t\t\t\t<\/div>\n\t\t\t\t<\/div>\n\t\t\t\t\t<\/div>\n\t\t<\/div>\n\t\t\t\t\t<\/div>\n\t\t<\/section>\n\t\t\t\t<div class=\"elementor-element elementor-element-33bba44 elementor-widget elementor-widget-text-editor\" data-id=\"33bba44\" data-element_type=\"widget\" data-widget_type=\"text-editor.default\">\n\t\t\t\t<div class=\"elementor-widget-container\">\n\t\t\t\t\t\t\tWith the Centris\u00ae system, your real estate broker can perform a comparative market analysis based on properties comparable to yours that have recently sold in your neighborhood. Comparative market analysis is an indicator of the price today&#8217;s buyers are willing to pay for a home comparable to yours, in a similar neighborhood. It takes into account the characteristics of your property, as well as current real estate market conditions. Your broker also uses the power of the Centris\u00ae system to give your property exceptional exposure to nearly 13,000 fellow real estate board members.\n \n\n\t\t\t\t\t\t<\/div>\n\t\t\t\t<\/div>\n\t\t\t\t\t<\/div>\n\t\t<\/div>\n\t\t\t\t\t<\/div>\n\t\t<\/section>\n\t\t\t\t<section class=\"elementor-section elementor-top-section elementor-element elementor-element-5390203 elementor-section-boxed elementor-section-height-default elementor-section-height-default\" data-id=\"5390203\" data-element_type=\"section\">\n\t\t\t\t\t\t<div class=\"elementor-container elementor-column-gap-default\">\n\t\t\t\t\t<div class=\"elementor-column elementor-col-100 elementor-top-column elementor-element elementor-element-c0258b0\" data-id=\"c0258b0\" data-element_type=\"column\">\n\t\t\t<div class=\"elementor-widget-wrap elementor-element-populated\">\n\t\t\t\t\t\t<section class=\"elementor-section elementor-inner-section elementor-element elementor-element-920fc92 elementor-section-boxed elementor-section-height-default elementor-section-height-default\" data-id=\"920fc92\" data-element_type=\"section\">\n\t\t\t\t\t\t<div class=\"elementor-container elementor-column-gap-default\">\n\t\t\t\t\t<div class=\"elementor-column elementor-col-100 elementor-inner-column elementor-element elementor-element-95584f3\" data-id=\"95584f3\" data-element_type=\"column\">\n\t\t\t<div class=\"elementor-widget-wrap elementor-element-populated\">\n\t\t\t\t\t\t<div class=\"elementor-element elementor-element-b77d3e0 elipses_titre--widget elementor-widget elementor-widget-html\" data-id=\"b77d3e0\" data-element_type=\"widget\" data-widget_type=\"html.default\">\n\t\t\t\t<div class=\"elementor-widget-container\">\n\t\t\t<?xml version=\"1.0\" encoding=\"utf-8\"?????>\n<!-- Generator: Adobe Illustrator 26.1.0, SVG Export Plug-In . SVG Version: 6.00 Build 0) -->\n<svg version=\"1.1\" id=\"elipses_groupe\" xmlns=\"http:\/\/www.w3.org\/2000\/svg\" x=\"0px\" y=\"0px\" width=\"58.168px\" height=\"14.621px\" viewbox=\"0 0 58.168 14.621\" style=\"enable-background:new 0 0 58.168 14.621;\" space=\"preserve\" xmlns:xlink=\"http:\/\/www.w3.org\/1999\/xlink\">\n<circle id=\"gauche\" style=\"fill:#CF363B;\" cx=\"6.5\" cy=\"7.311\" r=\"6.5\"\/>\n<circle id=\"milieu\" style=\"fill:#CF363B;\" cx=\"29.084\" cy=\"7.311\" r=\"6.5\"\/>\n<circle id=\"droite\" style=\"fill:#CF363B;\" cx=\"51.668\" cy=\"7.311\" r=\"6.5\"\/>\n<\/svg>\n\n<h2>To sell without delay<\/h2>\t\t<\/div>\n\t\t\t\t<\/div>\n\t\t\t\t<div class=\"elementor-element elementor-element-b2b17be elementor-widget elementor-widget-text-editor\" data-id=\"b2b17be\" data-element_type=\"widget\" data-widget_type=\"text-editor.default\">\n\t\t\t\t<div class=\"elementor-widget-container\">\n\t\t\t\t\t\t\t<p>To sell without delay, it&#8217;s very important to take the time to set a fair selling price from the outset. A price that&#8217;s too high may discourage potential buyers, while those who can afford to buy your property will quickly realize that they can get better value elsewhere. What&#8217;s more, a property that&#8217;s been on the market for too long tends to lose value.  <\/p>\n\t\t\t\t\t\t<\/div>\n\t\t\t\t<\/div>\n\t\t\t\t\t<\/div>\n\t\t<\/div>\n\t\t\t\t\t<\/div>\n\t\t<\/section>\n\t\t\t\t\t<\/div>\n\t\t<\/div>\n\t\t\t\t\t<\/div>\n\t\t<\/section>\n\t\t\t\t<\/div>\n\t\t","protected":false},"excerpt":{"rendered":"<p>The referencein real estate for over 65 years Your real estate broker can take care of everything when selling your property: setting the asking price, making inquiries, managing calls and visits, promoting your property to potential buyers, negotiating the contract, and more. Your broker will first help you determine the right price when you put [&hellip;]<\/p>\n","protected":false},"author":1,"featured_media":0,"parent":1846,"menu_order":0,"comment_status":"closed","ping_status":"closed","template":"","meta":{"footnotes":""},"class_list":["post-1858","page","type-page","status-publish","hentry"],"yoast_head":"<!-- This site is optimized with the Yoast SEO plugin v24.0 - https:\/\/yoast.com\/wordpress\/plugins\/seo\/ -->\n<title>To buy or sell at the right price - Chambre Immobili\u00e8re Estrie-Mauricie-Centre Du Qu\u00e9bec<\/title>\n<meta name=\"robots\" content=\"index, follow, max-snippet:-1, max-image-preview:large, max-video-preview:-1\" \/>\n<link rel=\"canonical\" href=\"https:\/\/ciemcq.com\/en\/services\/to-buy-or-sell-at-the-right-price\/\" \/>\n<meta property=\"og:locale\" content=\"en_US\" \/>\n<meta property=\"og:type\" content=\"article\" \/>\n<meta property=\"og:title\" content=\"To buy or sell at the right price - Chambre Immobili\u00e8re Estrie-Mauricie-Centre Du Qu\u00e9bec\" \/>\n<meta property=\"og:description\" content=\"The referencein real estate for over 65 years Your real estate broker can take care of everything when selling your property: setting the asking price, making inquiries, managing calls and visits, promoting your property to potential buyers, negotiating the contract, and more. Your broker will first help you determine the right price when you put [&hellip;]\" \/>\n<meta property=\"og:url\" content=\"https:\/\/ciemcq.com\/en\/services\/to-buy-or-sell-at-the-right-price\/\" \/>\n<meta property=\"og:site_name\" content=\"Chambre Immobili\u00e8re Estrie-Mauricie-Centre Du Qu\u00e9bec\" \/>\n<meta property=\"article:modified_time\" content=\"2023-06-21T17:54:51+00:00\" \/>\n<meta property=\"og:image\" content=\"https:\/\/ciemcq.com\/wp-content\/uploads\/2023\/04\/chambireImmobiliere_service_economier.png\" \/>\n<meta name=\"twitter:card\" content=\"summary_large_image\" \/>\n<meta name=\"twitter:label1\" content=\"Est. reading time\" \/>\n\t<meta name=\"twitter:data1\" content=\"1 minute\" \/>\n<script type=\"application\/ld+json\" class=\"yoast-schema-graph\">{\"@context\":\"https:\/\/schema.org\",\"@graph\":[{\"@type\":\"WebPage\",\"@id\":\"https:\/\/ciemcq.com\/en\/services\/to-buy-or-sell-at-the-right-price\/\",\"url\":\"https:\/\/ciemcq.com\/en\/services\/to-buy-or-sell-at-the-right-price\/\",\"name\":\"To buy or sell at the right price - Chambre Immobili\u00e8re Estrie-Mauricie-Centre Du Qu\u00e9bec\",\"isPartOf\":{\"@id\":\"https:\/\/ciemcq.com\/en\/#website\"},\"primaryImageOfPage\":{\"@id\":\"https:\/\/ciemcq.com\/en\/services\/to-buy-or-sell-at-the-right-price\/#primaryimage\"},\"image\":{\"@id\":\"https:\/\/ciemcq.com\/en\/services\/to-buy-or-sell-at-the-right-price\/#primaryimage\"},\"thumbnailUrl\":\"https:\/\/ciemcq.com\/wp-content\/uploads\/2023\/04\/chambireImmobiliere_service_economier.png\",\"datePublished\":\"2023-04-14T19:15:54+00:00\",\"dateModified\":\"2023-06-21T17:54:51+00:00\",\"breadcrumb\":{\"@id\":\"https:\/\/ciemcq.com\/en\/services\/to-buy-or-sell-at-the-right-price\/#breadcrumb\"},\"inLanguage\":\"en-US\",\"potentialAction\":[{\"@type\":\"ReadAction\",\"target\":[\"https:\/\/ciemcq.com\/en\/services\/to-buy-or-sell-at-the-right-price\/\"]}]},{\"@type\":\"ImageObject\",\"inLanguage\":\"en-US\",\"@id\":\"https:\/\/ciemcq.com\/en\/services\/to-buy-or-sell-at-the-right-price\/#primaryimage\",\"url\":\"https:\/\/ciemcq.com\/wp-content\/uploads\/2023\/04\/chambireImmobiliere_service_economier.png\",\"contentUrl\":\"https:\/\/ciemcq.com\/wp-content\/uploads\/2023\/04\/chambireImmobiliere_service_economier.png\"},{\"@type\":\"BreadcrumbList\",\"@id\":\"https:\/\/ciemcq.com\/en\/services\/to-buy-or-sell-at-the-right-price\/#breadcrumb\",\"itemListElement\":[{\"@type\":\"ListItem\",\"position\":1,\"name\":\"Accueil\",\"item\":\"https:\/\/ciemcq.com\/en\/home\/\"},{\"@type\":\"ListItem\",\"position\":2,\"name\":\"Services\",\"item\":\"https:\/\/ciemcq.com\/en\/services\/\"},{\"@type\":\"ListItem\",\"position\":3,\"name\":\"To buy or sell at the right price\"}]},{\"@type\":\"WebSite\",\"@id\":\"https:\/\/ciemcq.com\/en\/#website\",\"url\":\"https:\/\/ciemcq.com\/en\/\",\"name\":\"Chambre Immobili\u00e8re Estrie-Mauricie-Centre Du Qu\u00e9bec\",\"description\":\"La r\u00e9f\u00e9rence incontournable en immobilier\",\"publisher\":{\"@id\":\"https:\/\/ciemcq.com\/en\/#organization\"},\"potentialAction\":[{\"@type\":\"SearchAction\",\"target\":{\"@type\":\"EntryPoint\",\"urlTemplate\":\"https:\/\/ciemcq.com\/en\/?s={search_term_string}\"},\"query-input\":{\"@type\":\"PropertyValueSpecification\",\"valueRequired\":true,\"valueName\":\"search_term_string\"}}],\"inLanguage\":\"en-US\"},{\"@type\":\"Organization\",\"@id\":\"https:\/\/ciemcq.com\/en\/#organization\",\"name\":\"Chambre Immobili\u00e8re Estrie-Mauricie-Centre Du Qu\u00e9bec\",\"url\":\"https:\/\/ciemcq.com\/en\/\",\"logo\":{\"@type\":\"ImageObject\",\"inLanguage\":\"en-US\",\"@id\":\"https:\/\/ciemcq.com\/en\/#\/schema\/logo\/image\/\",\"url\":\"https:\/\/ciemcq.com\/wp-content\/uploads\/2023\/03\/chambireImmobiliere_logoBlack_horizontal.svg\",\"contentUrl\":\"https:\/\/ciemcq.com\/wp-content\/uploads\/2023\/03\/chambireImmobiliere_logoBlack_horizontal.svg\",\"width\":338,\"height\":69,\"caption\":\"Chambre Immobili\u00e8re Estrie-Mauricie-Centre Du Qu\u00e9bec\"},\"image\":{\"@id\":\"https:\/\/ciemcq.com\/en\/#\/schema\/logo\/image\/\"}}]}<\/script>\n<!-- \/ Yoast SEO plugin. -->","yoast_head_json":{"title":"To buy or sell at the right price - Chambre Immobili\u00e8re Estrie-Mauricie-Centre Du Qu\u00e9bec","robots":{"index":"index","follow":"follow","max-snippet":"max-snippet:-1","max-image-preview":"max-image-preview:large","max-video-preview":"max-video-preview:-1"},"canonical":"https:\/\/ciemcq.com\/en\/services\/to-buy-or-sell-at-the-right-price\/","og_locale":"en_US","og_type":"article","og_title":"To buy or sell at the right price - Chambre Immobili\u00e8re Estrie-Mauricie-Centre Du Qu\u00e9bec","og_description":"The referencein real estate for over 65 years Your real estate broker can take care of everything when selling your property: setting the asking price, making inquiries, managing calls and visits, promoting your property to potential buyers, negotiating the contract, and more. Your broker will first help you determine the right price when you put [&hellip;]","og_url":"https:\/\/ciemcq.com\/en\/services\/to-buy-or-sell-at-the-right-price\/","og_site_name":"Chambre Immobili\u00e8re Estrie-Mauricie-Centre Du Qu\u00e9bec","article_modified_time":"2023-06-21T17:54:51+00:00","og_image":[{"url":"https:\/\/ciemcq.com\/wp-content\/uploads\/2023\/04\/chambireImmobiliere_service_economier.png","type":"","width":"","height":""}],"twitter_card":"summary_large_image","twitter_misc":{"Est. reading time":"1 minute"},"schema":{"@context":"https:\/\/schema.org","@graph":[{"@type":"WebPage","@id":"https:\/\/ciemcq.com\/en\/services\/to-buy-or-sell-at-the-right-price\/","url":"https:\/\/ciemcq.com\/en\/services\/to-buy-or-sell-at-the-right-price\/","name":"To buy or sell at the right price - Chambre Immobili\u00e8re Estrie-Mauricie-Centre Du Qu\u00e9bec","isPartOf":{"@id":"https:\/\/ciemcq.com\/en\/#website"},"primaryImageOfPage":{"@id":"https:\/\/ciemcq.com\/en\/services\/to-buy-or-sell-at-the-right-price\/#primaryimage"},"image":{"@id":"https:\/\/ciemcq.com\/en\/services\/to-buy-or-sell-at-the-right-price\/#primaryimage"},"thumbnailUrl":"https:\/\/ciemcq.com\/wp-content\/uploads\/2023\/04\/chambireImmobiliere_service_economier.png","datePublished":"2023-04-14T19:15:54+00:00","dateModified":"2023-06-21T17:54:51+00:00","breadcrumb":{"@id":"https:\/\/ciemcq.com\/en\/services\/to-buy-or-sell-at-the-right-price\/#breadcrumb"},"inLanguage":"en-US","potentialAction":[{"@type":"ReadAction","target":["https:\/\/ciemcq.com\/en\/services\/to-buy-or-sell-at-the-right-price\/"]}]},{"@type":"ImageObject","inLanguage":"en-US","@id":"https:\/\/ciemcq.com\/en\/services\/to-buy-or-sell-at-the-right-price\/#primaryimage","url":"https:\/\/ciemcq.com\/wp-content\/uploads\/2023\/04\/chambireImmobiliere_service_economier.png","contentUrl":"https:\/\/ciemcq.com\/wp-content\/uploads\/2023\/04\/chambireImmobiliere_service_economier.png"},{"@type":"BreadcrumbList","@id":"https:\/\/ciemcq.com\/en\/services\/to-buy-or-sell-at-the-right-price\/#breadcrumb","itemListElement":[{"@type":"ListItem","position":1,"name":"Accueil","item":"https:\/\/ciemcq.com\/en\/home\/"},{"@type":"ListItem","position":2,"name":"Services","item":"https:\/\/ciemcq.com\/en\/services\/"},{"@type":"ListItem","position":3,"name":"To buy or sell at the right price"}]},{"@type":"WebSite","@id":"https:\/\/ciemcq.com\/en\/#website","url":"https:\/\/ciemcq.com\/en\/","name":"Chambre Immobili\u00e8re Estrie-Mauricie-Centre Du Qu\u00e9bec","description":"La r\u00e9f\u00e9rence incontournable en immobilier","publisher":{"@id":"https:\/\/ciemcq.com\/en\/#organization"},"potentialAction":[{"@type":"SearchAction","target":{"@type":"EntryPoint","urlTemplate":"https:\/\/ciemcq.com\/en\/?s={search_term_string}"},"query-input":{"@type":"PropertyValueSpecification","valueRequired":true,"valueName":"search_term_string"}}],"inLanguage":"en-US"},{"@type":"Organization","@id":"https:\/\/ciemcq.com\/en\/#organization","name":"Chambre Immobili\u00e8re Estrie-Mauricie-Centre Du Qu\u00e9bec","url":"https:\/\/ciemcq.com\/en\/","logo":{"@type":"ImageObject","inLanguage":"en-US","@id":"https:\/\/ciemcq.com\/en\/#\/schema\/logo\/image\/","url":"https:\/\/ciemcq.com\/wp-content\/uploads\/2023\/03\/chambireImmobiliere_logoBlack_horizontal.svg","contentUrl":"https:\/\/ciemcq.com\/wp-content\/uploads\/2023\/03\/chambireImmobiliere_logoBlack_horizontal.svg","width":338,"height":69,"caption":"Chambre Immobili\u00e8re Estrie-Mauricie-Centre Du Qu\u00e9bec"},"image":{"@id":"https:\/\/ciemcq.com\/en\/#\/schema\/logo\/image\/"}}]}},"_links":{"self":[{"href":"https:\/\/ciemcq.com\/en\/wp-json\/wp\/v2\/pages\/1858","targetHints":{"allow":["GET"]}}],"collection":[{"href":"https:\/\/ciemcq.com\/en\/wp-json\/wp\/v2\/pages"}],"about":[{"href":"https:\/\/ciemcq.com\/en\/wp-json\/wp\/v2\/types\/page"}],"author":[{"embeddable":true,"href":"https:\/\/ciemcq.com\/en\/wp-json\/wp\/v2\/users\/1"}],"replies":[{"embeddable":true,"href":"https:\/\/ciemcq.com\/en\/wp-json\/wp\/v2\/comments?post=1858"}],"version-history":[{"count":1,"href":"https:\/\/ciemcq.com\/en\/wp-json\/wp\/v2\/pages\/1858\/revisions"}],"predecessor-version":[{"id":1859,"href":"https:\/\/ciemcq.com\/en\/wp-json\/wp\/v2\/pages\/1858\/revisions\/1859"}],"up":[{"embeddable":true,"href":"https:\/\/ciemcq.com\/en\/wp-json\/wp\/v2\/pages\/1846"}],"wp:attachment":[{"href":"https:\/\/ciemcq.com\/en\/wp-json\/wp\/v2\/media?parent=1858"}],"curies":[{"name":"wp","href":"https:\/\/api.w.org\/{rel}","templated":true}]}}