{"id":1856,"date":"2023-04-14T19:21:08","date_gmt":"2023-04-14T19:21:08","guid":{"rendered":"https:\/\/ciemcq.com\/services\/to-take-advantage-of-exclusive-resources-when-making-a-purchase\/"},"modified":"2023-06-21T17:53:48","modified_gmt":"2023-06-21T17:53:48","slug":"to-take-advantage-of-exclusive-resources-when-making-a-purchase","status":"publish","type":"page","link":"https:\/\/ciemcq.com\/en\/services\/to-take-advantage-of-exclusive-resources-when-making-a-purchase\/","title":{"rendered":"To take advantage of exclusive resources when making a purchase"},"content":{"rendered":"\t\t<div data-elementor-type=\"wp-page\" data-elementor-id=\"1856\" class=\"elementor elementor-1856 elementor-867\" data-elementor-post-type=\"page\">\n\t\t\t\t\t\t<section class=\"elementor-section elementor-top-section elementor-element elementor-element-c491192 elementor-section-height-min-height elementor-section-items-stretch elementor-section-content-middle background__mask--global elementor-section-boxed elementor-section-height-default\" data-id=\"c491192\" data-element_type=\"section\" id=\"background__mask\" data-settings=\"{&quot;background_background&quot;:&quot;classic&quot;}\">\n\t\t\t\t\t\t\t<div class=\"elementor-background-overlay\"><\/div>\n\t\t\t\t\t\t\t<div class=\"elementor-container elementor-column-gap-default\">\n\t\t\t\t\t<div class=\"elementor-column elementor-col-100 elementor-top-column elementor-element elementor-element-6c8d772\" data-id=\"6c8d772\" data-element_type=\"column\" data-settings=\"{&quot;background_background&quot;:&quot;classic&quot;}\">\n\t\t\t<div class=\"elementor-widget-wrap elementor-element-populated\">\n\t\t\t\t\t<div class=\"elementor-background-overlay\"><\/div>\n\t\t\t\t\t\t<section class=\"elementor-section elementor-inner-section elementor-element elementor-element-c57d0e9 elementor-section-boxed elementor-section-height-default elementor-section-height-default\" data-id=\"c57d0e9\" data-element_type=\"section\">\n\t\t\t\t\t\t<div class=\"elementor-container elementor-column-gap-default\">\n\t\t\t\t\t<div class=\"elementor-column elementor-col-50 elementor-inner-column elementor-element elementor-element-f0fa78b\" data-id=\"f0fa78b\" data-element_type=\"column\">\n\t\t\t<div class=\"elementor-widget-wrap elementor-element-populated\">\n\t\t\t\t\t\t<div class=\"elementor-element elementor-element-0be67e7 elementor-widget__width-initial header__interne--surtitre elementor-widget elementor-widget-heading\" data-id=\"0be67e7\" data-element_type=\"widget\" data-widget_type=\"heading.default\">\n\t\t\t\t<div class=\"elementor-widget-container\">\n\t\t\t<p class=\"elementor-heading-title elementor-size-default\">The reference<br>in real estate for over <span>65 years<\/span><\/p>\t\t<\/div>\n\t\t\t\t<\/div>\n\t\t\t\t<div class=\"elementor-element elementor-element-4b13e36 elementor-widget__width-initial elementor-widget elementor-widget-heading\" data-id=\"4b13e36\" data-element_type=\"widget\" data-widget_type=\"heading.default\">\n\t\t\t\t<div class=\"elementor-widget-container\">\n\t\t\t<h1 class=\"elementor-heading-title elementor-size-default\">To take advantage of exclusive resources when making a purchase<\/h1>\t\t<\/div>\n\t\t\t\t<\/div>\n\t\t\t\t\t<\/div>\n\t\t<\/div>\n\t\t\t\t<div class=\"elementor-column elementor-col-50 elementor-inner-column elementor-element elementor-element-135e56a elementor-hidden-mobile_extra elementor-hidden-mobile\" data-id=\"135e56a\" data-element_type=\"column\">\n\t\t\t<div class=\"elementor-widget-wrap\">\n\t\t\t\t\t\t\t<\/div>\n\t\t<\/div>\n\t\t\t\t\t<\/div>\n\t\t<\/section>\n\t\t\t\t\t<\/div>\n\t\t<\/div>\n\t\t\t\t\t<\/div>\n\t\t<\/section>\n\t\t\t\t<section class=\"elementor-section elementor-top-section elementor-element elementor-element-e52d7cc elementor-section-boxed elementor-section-height-default elementor-section-height-default\" data-id=\"e52d7cc\" data-element_type=\"section\">\n\t\t\t\t\t\t<div class=\"elementor-container elementor-column-gap-default\">\n\t\t\t\t\t<div class=\"elementor-column elementor-col-100 elementor-top-column elementor-element elementor-element-c9e43b7\" data-id=\"c9e43b7\" data-element_type=\"column\">\n\t\t\t<div class=\"elementor-widget-wrap elementor-element-populated\">\n\t\t\t\t\t\t<section class=\"elementor-section elementor-inner-section elementor-element elementor-element-6104389 elementor-section-content-middle elementor-section-boxed elementor-section-height-default elementor-section-height-default\" data-id=\"6104389\" data-element_type=\"section\">\n\t\t\t\t\t\t<div class=\"elementor-container elementor-column-gap-default\">\n\t\t\t\t\t<div class=\"elementor-column elementor-col-33 elementor-inner-column elementor-element elementor-element-5128bff\" data-id=\"5128bff\" data-element_type=\"column\">\n\t\t\t<div class=\"elementor-widget-wrap elementor-element-populated\">\n\t\t\t\t\t\t<div class=\"elementor-element elementor-element-b908531 elementor-widget__width-auto elementor-widget elementor-widget-image\" data-id=\"b908531\" data-element_type=\"widget\" data-widget_type=\"image.default\">\n\t\t\t\t<div class=\"elementor-widget-container\">\n\t\t\t\t\t\t\t\t\t\t\t\t\t<img fetchpriority=\"high\" decoding=\"async\" width=\"440\" height=\"440\" src=\"https:\/\/ciemcq.com\/wp-content\/uploads\/2023\/04\/chambireImmobiliere_service_vendreAcheter.png\" class=\"attachment-full size-full wp-image-1074\" alt=\"\" srcset=\"https:\/\/ciemcq.com\/wp-content\/uploads\/2023\/04\/chambireImmobiliere_service_vendreAcheter.png 440w, https:\/\/ciemcq.com\/wp-content\/uploads\/2023\/04\/chambireImmobiliere_service_vendreAcheter-300x300.png 300w, https:\/\/ciemcq.com\/wp-content\/uploads\/2023\/04\/chambireImmobiliere_service_vendreAcheter-150x150.png 150w\" sizes=\"(max-width: 440px) 100vw, 440px\" \/>\t\t\t\t\t\t\t\t\t\t\t\t\t<\/div>\n\t\t\t\t<\/div>\n\t\t\t\t<div class=\"elementor-element elementor-element-74b6b56 elementor-widget__width-auto elementor-absolute demiCercle__htm--moyen demiCercle__html--widget  e-transform elementor-widget elementor-widget-html\" data-id=\"74b6b56\" data-element_type=\"widget\" data-settings=\"{&quot;_position&quot;:&quot;absolute&quot;,&quot;_transform_translateX_effect_mobile_extra&quot;:{&quot;unit&quot;:&quot;%&quot;,&quot;size&quot;:-50,&quot;sizes&quot;:[]},&quot;_transform_translateX_effect_mobile&quot;:{&quot;unit&quot;:&quot;%&quot;,&quot;size&quot;:&quot;&quot;,&quot;sizes&quot;:[]},&quot;_transform_translateY_effect&quot;:{&quot;unit&quot;:&quot;%&quot;,&quot;size&quot;:-50,&quot;sizes&quot;:[]},&quot;_transform_translateY_effect_tablet&quot;:{&quot;unit&quot;:&quot;%&quot;,&quot;size&quot;:&quot;&quot;,&quot;sizes&quot;:[]},&quot;_transform_translateY_effect_mobile_extra&quot;:{&quot;unit&quot;:&quot;%&quot;,&quot;size&quot;:&quot;&quot;,&quot;sizes&quot;:[]},&quot;_transform_translateY_effect_mobile&quot;:{&quot;unit&quot;:&quot;%&quot;,&quot;size&quot;:&quot;&quot;,&quot;sizes&quot;:[]},&quot;_transform_translateX_effect&quot;:{&quot;unit&quot;:&quot;px&quot;,&quot;size&quot;:&quot;&quot;,&quot;sizes&quot;:[]},&quot;_transform_translateX_effect_tablet&quot;:{&quot;unit&quot;:&quot;px&quot;,&quot;size&quot;:&quot;&quot;,&quot;sizes&quot;:[]}}\" data-widget_type=\"html.default\">\n\t\t\t\t<div class=\"elementor-widget-container\">\n\t\t\t<?xml version=\"1.0\" encoding=\"utf-8\"?????>\n<!-- Generator: Adobe Illustrator 26.1.0, SVG Export Plug-In . SVG Version: 6.00 Build 0) -->\n<svg version=\"1.1\" class=\"demi_cercle\" xmlns=\"http:\/\/www.w3.org\/2000\/svg\" x=\"0px\" y=\"0px\" width=\"540px\" height=\"540px\" viewbox=\"0 0 540 540\" style=\"enable-background:new 0 0 540 540;\" space=\"preserve\" xmlns:xlink=\"http:\/\/www.w3.org\/1999\/xlink\">\n<g>\n\t<path id=\"demi_droite\" style=\"fill:#8A8B8E;\" d=\"M270.001,270.001l211.223-168.182c44.587,55.998,65.125,127.491,57.057,198.616 s-44.099,136.201-100.098,180.788L270.001,270.001z\"\/>\n\t<path id=\"demi_bas\" style=\"fill:#CF363B;\" d=\"M270.001,270.001L58.778,438.182c44.587,55.998,109.663,92.029,180.788,100.098 s142.618-12.469,198.616-57.057L270.001,270.001z\"\/>\n<\/g>\n<\/svg>\n\t\t<\/div>\n\t\t\t\t<\/div>\n\t\t\t\t\t<\/div>\n\t\t<\/div>\n\t\t\t\t<div class=\"elementor-column elementor-col-66 elementor-inner-column elementor-element elementor-element-0b5fcdf\" data-id=\"0b5fcdf\" data-element_type=\"column\">\n\t\t\t<div class=\"elementor-widget-wrap elementor-element-populated\">\n\t\t\t\t\t\t<div class=\"elementor-element elementor-element-b2a637e elementor-widget__width-initial elementor-widget elementor-widget-text-editor\" data-id=\"b2a637e\" data-element_type=\"widget\" data-widget_type=\"text-editor.default\">\n\t\t\t\t<div class=\"elementor-widget-container\">\n\t\t\t\t\t\t\t<p>When you want to buy a property, your real estate broker will support you every step of the way, right up to the signing at the notary&#8217;s office:<\/p>\n\t\t\t\t\t\t<\/div>\n\t\t\t\t<\/div>\n\t\t\t\t<div class=\"elementor-element elementor-element-0cd7511 custom__list  elementor-widget elementor-widget-text-editor\" data-id=\"0cd7511\" data-element_type=\"widget\" data-widget_type=\"text-editor.default\">\n\t\t\t\t<div class=\"elementor-widget-container\">\n\t\t\t\t\t\t\t<ul>\n<li>Initially, your broker uses the power of Centris\u00ae to target suitable properties for sale. Centris\u00ae is a much more comprehensive database than the public <a href=\"http:\/\/www.centris.ca\/\" target=\"_blank\" rel=\"noopener\">centris.ca<\/a> site, and is reserved exclusively for brokers who are members of a real estate board. <\/li>\n<li>Your broker then accompanies you on visits to analyze, from an objective point of view, the characteristics of the properties you have chosen.<\/li>\n<li>Then he helps you prepare an offer to purchase and represents you during the negotiation process, a delicate task in which the help of a seasoned professional is indispensable. Your real estate broker is an expert in this field! <\/li>\n<\/ul>\n\t\t\t\t\t\t<\/div>\n\t\t\t\t<\/div>\n\t\t\t\t<div class=\"elementor-element elementor-element-a31cac3 elementor-widget elementor-widget-text-editor\" data-id=\"a31cac3\" data-element_type=\"widget\" data-widget_type=\"text-editor.default\">\n\t\t\t\t<div class=\"elementor-widget-container\">\n\t\t\t\t\t\t\t<p>Whether you need financing, a technical property inspection or legal advice, your broker will guide you through the entire process.<\/p>\n\t\t\t\t\t\t<\/div>\n\t\t\t\t<\/div>\n\t\t\t\t\t<\/div>\n\t\t<\/div>\n\t\t\t\t\t<\/div>\n\t\t<\/section>\n\t\t\t\t<section class=\"elementor-section elementor-inner-section elementor-element elementor-element-af2efe7 elementor-section-boxed elementor-section-height-default elementor-section-height-default\" data-id=\"af2efe7\" data-element_type=\"section\">\n\t\t\t\t\t\t<div class=\"elementor-container elementor-column-gap-default\">\n\t\t\t\t\t<div class=\"elementor-column elementor-col-100 elementor-inner-column elementor-element elementor-element-4bf467f\" data-id=\"4bf467f\" data-element_type=\"column\">\n\t\t\t<div class=\"elementor-widget-wrap elementor-element-populated\">\n\t\t\t\t\t\t<div class=\"elementor-element elementor-element-2a38984 elipses_titre--widget elementor-widget elementor-widget-html\" data-id=\"2a38984\" data-element_type=\"widget\" data-widget_type=\"html.default\">\n\t\t\t\t<div class=\"elementor-widget-container\">\n\t\t\t<?xml version=\"1.0\" encoding=\"utf-8\"?????>\n<!-- Generator: Adobe Illustrator 26.1.0, SVG Export Plug-In . SVG Version: 6.00 Build 0) -->\n<svg version=\"1.1\" id=\"elipses_groupe\" xmlns=\"http:\/\/www.w3.org\/2000\/svg\" x=\"0px\" y=\"0px\" width=\"58.168px\" height=\"14.621px\" viewbox=\"0 0 58.168 14.621\" style=\"enable-background:new 0 0 58.168 14.621;\" space=\"preserve\" xmlns:xlink=\"http:\/\/www.w3.org\/1999\/xlink\">\n<circle id=\"gauche\" style=\"fill:#CF363B;\" cx=\"6.5\" cy=\"7.311\" r=\"6.5\"\/>\n<circle id=\"milieu\" style=\"fill:#CF363B;\" cx=\"29.084\" cy=\"7.311\" r=\"6.5\"\/>\n<circle id=\"droite\" style=\"fill:#CF363B;\" cx=\"51.668\" cy=\"7.311\" r=\"6.5\"\/>\n<\/svg>\n\n<h2>Centris\u00ae, a powerful database<\/h2>\t\t<\/div>\n\t\t\t\t<\/div>\n\t\t\t\t<div class=\"elementor-element elementor-element-c9e7246 elementor-widget elementor-widget-text-editor\" data-id=\"c9e7246\" data-element_type=\"widget\" data-widget_type=\"text-editor.default\">\n\t\t\t\t<div class=\"elementor-widget-container\">\n\t\t\t\t\t\t\t<p>When you use a broker to find the property of your dreams, you&#8217;ll benefit from Centris\u00ae, a system reserved exclusively for real estate brokers. Centris\u00ae is the most complete and up-to-date database of real estate transactions. It includes information not available on the public <a href=\"http:\/\/www.centris.ca\/\" target=\"_blank\" rel=\"noopener\">centris.ca<\/a> site &#8211; five times more information.   Centris\u00ae provides your broker with data such as :<\/p>\n\t\t\t\t\t\t<\/div>\n\t\t\t\t<\/div>\n\t\t\t\t<div class=\"elementor-element elementor-element-f4dbcf9 custom__list  elementor-widget elementor-widget-text-editor\" data-id=\"f4dbcf9\" data-element_type=\"widget\" data-widget_type=\"text-editor.default\">\n\t\t\t\t<div class=\"elementor-widget-container\">\n\t\t\t\t\t\t\t<ul>\n \t<li>the year a property was built;<\/li>\n \t<li>the asking price;<\/li>\n \t<li>sales price;<\/li>\n \t<li>the value of the property according to specific criteria;<\/li>\n \t<li>the property&#8217;s sales history, so that a broker can track a property&#8217;s evolution on the market over a period of several years.<\/li>\n<\/ul>\t\t\t\t\t\t<\/div>\n\t\t\t\t<\/div>\n\t\t\t\t<div class=\"elementor-element elementor-element-75c988f elementor-widget elementor-widget-text-editor\" data-id=\"75c988f\" data-element_type=\"widget\" data-widget_type=\"text-editor.default\">\n\t\t\t\t<div class=\"elementor-widget-container\">\n\t\t\t\t\t\t\t<p>Centris\u00ae helps your real estate broker find properties that exactly match your criteria as a buyer. You can search by price, neighborhood or features (fireplace, number of bedrooms and bathrooms, pool, etc.). Your broker can also provide you with information on recently sold properties, to help you make an informed choice.  <\/p>\n<p>The real estate broker also uses Centris\u00ae to help clients who want to sell their property determine its fair value.<\/p>\n<p>The Centris\u00ae system is therefore the main tool for real estate brokers who are members of a real estate board. It fosters cooperation between competing members through regulations, policies and regulatory mechanisms. <\/p>\n<p>As soon as a property is listed in the Centris\u00ae system, it can be viewed by all real estate brokers who are members of a real estate board &#8211; some 13,000 professionals. If the property matches a buyer&#8217;s criteria, the broker can then make an appointment with the listing broker to visit it and, if necessary, close the deal. <\/p>\n<p>Thanks to the Centris\u00ae system, brokers who are members of a real estate board can manage your real estate transaction masterfully.<\/p>\n\t\t\t\t\t\t<\/div>\n\t\t\t\t<\/div>\n\t\t\t\t\t<\/div>\n\t\t<\/div>\n\t\t\t\t\t<\/div>\n\t\t<\/section>\n\t\t\t\t\t<\/div>\n\t\t<\/div>\n\t\t\t\t\t<\/div>\n\t\t<\/section>\n\t\t\t\t<\/div>\n\t\t","protected":false},"excerpt":{"rendered":"<p>The referencein real estate for over 65 years When you want to buy a property, your real estate broker will support you every step of the way, right up to the signing at the notary&#8217;s office: Initially, your broker uses the power of Centris\u00ae to target suitable properties for sale. Centris\u00ae is a much more [&hellip;]<\/p>\n","protected":false},"author":1,"featured_media":0,"parent":1846,"menu_order":0,"comment_status":"closed","ping_status":"closed","template":"","meta":{"footnotes":""},"class_list":["post-1856","page","type-page","status-publish","hentry"],"yoast_head":"<!-- This site is optimized with the Yoast SEO plugin v24.0 - https:\/\/yoast.com\/wordpress\/plugins\/seo\/ -->\n<title>To take advantage of exclusive resources when making a purchase - Chambre Immobili\u00e8re Estrie-Mauricie-Centre Du Qu\u00e9bec<\/title>\n<meta name=\"robots\" content=\"index, follow, max-snippet:-1, max-image-preview:large, max-video-preview:-1\" \/>\n<link rel=\"canonical\" href=\"https:\/\/ciemcq.com\/en\/services\/to-take-advantage-of-exclusive-resources-when-making-a-purchase\/\" \/>\n<meta property=\"og:locale\" content=\"en_US\" \/>\n<meta property=\"og:type\" content=\"article\" \/>\n<meta property=\"og:title\" content=\"To take advantage of exclusive resources when making a purchase - Chambre Immobili\u00e8re Estrie-Mauricie-Centre Du Qu\u00e9bec\" \/>\n<meta property=\"og:description\" content=\"The referencein real estate for over 65 years When you want to buy a property, your real estate broker will support you every step of the way, right up to the signing at the notary&#8217;s office: Initially, your broker uses the power of Centris\u00ae to target suitable properties for sale. Centris\u00ae is a much more [&hellip;]\" \/>\n<meta property=\"og:url\" content=\"https:\/\/ciemcq.com\/en\/services\/to-take-advantage-of-exclusive-resources-when-making-a-purchase\/\" \/>\n<meta property=\"og:site_name\" content=\"Chambre Immobili\u00e8re Estrie-Mauricie-Centre Du Qu\u00e9bec\" \/>\n<meta property=\"article:modified_time\" content=\"2023-06-21T17:53:48+00:00\" \/>\n<meta property=\"og:image\" content=\"https:\/\/ciemcq.com\/wp-content\/uploads\/2023\/04\/chambireImmobiliere_service_vendreAcheter.png\" \/>\n<meta name=\"twitter:card\" content=\"summary_large_image\" \/>\n<meta name=\"twitter:label1\" content=\"Est. reading time\" \/>\n\t<meta name=\"twitter:data1\" content=\"2 minutes\" \/>\n<script type=\"application\/ld+json\" class=\"yoast-schema-graph\">{\"@context\":\"https:\/\/schema.org\",\"@graph\":[{\"@type\":\"WebPage\",\"@id\":\"https:\/\/ciemcq.com\/en\/services\/to-take-advantage-of-exclusive-resources-when-making-a-purchase\/\",\"url\":\"https:\/\/ciemcq.com\/en\/services\/to-take-advantage-of-exclusive-resources-when-making-a-purchase\/\",\"name\":\"To take advantage of exclusive resources when making a purchase - Chambre Immobili\u00e8re Estrie-Mauricie-Centre Du Qu\u00e9bec\",\"isPartOf\":{\"@id\":\"https:\/\/ciemcq.com\/en\/#website\"},\"primaryImageOfPage\":{\"@id\":\"https:\/\/ciemcq.com\/en\/services\/to-take-advantage-of-exclusive-resources-when-making-a-purchase\/#primaryimage\"},\"image\":{\"@id\":\"https:\/\/ciemcq.com\/en\/services\/to-take-advantage-of-exclusive-resources-when-making-a-purchase\/#primaryimage\"},\"thumbnailUrl\":\"https:\/\/ciemcq.com\/wp-content\/uploads\/2023\/04\/chambireImmobiliere_service_vendreAcheter.png\",\"datePublished\":\"2023-04-14T19:21:08+00:00\",\"dateModified\":\"2023-06-21T17:53:48+00:00\",\"breadcrumb\":{\"@id\":\"https:\/\/ciemcq.com\/en\/services\/to-take-advantage-of-exclusive-resources-when-making-a-purchase\/#breadcrumb\"},\"inLanguage\":\"en-US\",\"potentialAction\":[{\"@type\":\"ReadAction\",\"target\":[\"https:\/\/ciemcq.com\/en\/services\/to-take-advantage-of-exclusive-resources-when-making-a-purchase\/\"]}]},{\"@type\":\"ImageObject\",\"inLanguage\":\"en-US\",\"@id\":\"https:\/\/ciemcq.com\/en\/services\/to-take-advantage-of-exclusive-resources-when-making-a-purchase\/#primaryimage\",\"url\":\"https:\/\/ciemcq.com\/wp-content\/uploads\/2023\/04\/chambireImmobiliere_service_vendreAcheter.png\",\"contentUrl\":\"https:\/\/ciemcq.com\/wp-content\/uploads\/2023\/04\/chambireImmobiliere_service_vendreAcheter.png\"},{\"@type\":\"BreadcrumbList\",\"@id\":\"https:\/\/ciemcq.com\/en\/services\/to-take-advantage-of-exclusive-resources-when-making-a-purchase\/#breadcrumb\",\"itemListElement\":[{\"@type\":\"ListItem\",\"position\":1,\"name\":\"Accueil\",\"item\":\"https:\/\/ciemcq.com\/en\/home\/\"},{\"@type\":\"ListItem\",\"position\":2,\"name\":\"Services\",\"item\":\"https:\/\/ciemcq.com\/en\/services\/\"},{\"@type\":\"ListItem\",\"position\":3,\"name\":\"To take advantage of exclusive resources when making a purchase\"}]},{\"@type\":\"WebSite\",\"@id\":\"https:\/\/ciemcq.com\/en\/#website\",\"url\":\"https:\/\/ciemcq.com\/en\/\",\"name\":\"Chambre Immobili\u00e8re Estrie-Mauricie-Centre Du Qu\u00e9bec\",\"description\":\"La r\u00e9f\u00e9rence incontournable en immobilier\",\"publisher\":{\"@id\":\"https:\/\/ciemcq.com\/en\/#organization\"},\"potentialAction\":[{\"@type\":\"SearchAction\",\"target\":{\"@type\":\"EntryPoint\",\"urlTemplate\":\"https:\/\/ciemcq.com\/en\/?s={search_term_string}\"},\"query-input\":{\"@type\":\"PropertyValueSpecification\",\"valueRequired\":true,\"valueName\":\"search_term_string\"}}],\"inLanguage\":\"en-US\"},{\"@type\":\"Organization\",\"@id\":\"https:\/\/ciemcq.com\/en\/#organization\",\"name\":\"Chambre Immobili\u00e8re Estrie-Mauricie-Centre Du Qu\u00e9bec\",\"url\":\"https:\/\/ciemcq.com\/en\/\",\"logo\":{\"@type\":\"ImageObject\",\"inLanguage\":\"en-US\",\"@id\":\"https:\/\/ciemcq.com\/en\/#\/schema\/logo\/image\/\",\"url\":\"https:\/\/ciemcq.com\/wp-content\/uploads\/2023\/03\/chambireImmobiliere_logoBlack_horizontal.svg\",\"contentUrl\":\"https:\/\/ciemcq.com\/wp-content\/uploads\/2023\/03\/chambireImmobiliere_logoBlack_horizontal.svg\",\"width\":338,\"height\":69,\"caption\":\"Chambre Immobili\u00e8re Estrie-Mauricie-Centre Du Qu\u00e9bec\"},\"image\":{\"@id\":\"https:\/\/ciemcq.com\/en\/#\/schema\/logo\/image\/\"}}]}<\/script>\n<!-- \/ Yoast SEO plugin. -->","yoast_head_json":{"title":"To take advantage of exclusive resources when making a purchase - Chambre Immobili\u00e8re Estrie-Mauricie-Centre Du Qu\u00e9bec","robots":{"index":"index","follow":"follow","max-snippet":"max-snippet:-1","max-image-preview":"max-image-preview:large","max-video-preview":"max-video-preview:-1"},"canonical":"https:\/\/ciemcq.com\/en\/services\/to-take-advantage-of-exclusive-resources-when-making-a-purchase\/","og_locale":"en_US","og_type":"article","og_title":"To take advantage of exclusive resources when making a purchase - Chambre Immobili\u00e8re Estrie-Mauricie-Centre Du Qu\u00e9bec","og_description":"The referencein real estate for over 65 years When you want to buy a property, your real estate broker will support you every step of the way, right up to the signing at the notary&#8217;s office: Initially, your broker uses the power of Centris\u00ae to target suitable properties for sale. Centris\u00ae is a much more [&hellip;]","og_url":"https:\/\/ciemcq.com\/en\/services\/to-take-advantage-of-exclusive-resources-when-making-a-purchase\/","og_site_name":"Chambre Immobili\u00e8re Estrie-Mauricie-Centre Du Qu\u00e9bec","article_modified_time":"2023-06-21T17:53:48+00:00","og_image":[{"url":"https:\/\/ciemcq.com\/wp-content\/uploads\/2023\/04\/chambireImmobiliere_service_vendreAcheter.png","type":"","width":"","height":""}],"twitter_card":"summary_large_image","twitter_misc":{"Est. reading time":"2 minutes"},"schema":{"@context":"https:\/\/schema.org","@graph":[{"@type":"WebPage","@id":"https:\/\/ciemcq.com\/en\/services\/to-take-advantage-of-exclusive-resources-when-making-a-purchase\/","url":"https:\/\/ciemcq.com\/en\/services\/to-take-advantage-of-exclusive-resources-when-making-a-purchase\/","name":"To take advantage of exclusive resources when making a purchase - Chambre Immobili\u00e8re Estrie-Mauricie-Centre Du Qu\u00e9bec","isPartOf":{"@id":"https:\/\/ciemcq.com\/en\/#website"},"primaryImageOfPage":{"@id":"https:\/\/ciemcq.com\/en\/services\/to-take-advantage-of-exclusive-resources-when-making-a-purchase\/#primaryimage"},"image":{"@id":"https:\/\/ciemcq.com\/en\/services\/to-take-advantage-of-exclusive-resources-when-making-a-purchase\/#primaryimage"},"thumbnailUrl":"https:\/\/ciemcq.com\/wp-content\/uploads\/2023\/04\/chambireImmobiliere_service_vendreAcheter.png","datePublished":"2023-04-14T19:21:08+00:00","dateModified":"2023-06-21T17:53:48+00:00","breadcrumb":{"@id":"https:\/\/ciemcq.com\/en\/services\/to-take-advantage-of-exclusive-resources-when-making-a-purchase\/#breadcrumb"},"inLanguage":"en-US","potentialAction":[{"@type":"ReadAction","target":["https:\/\/ciemcq.com\/en\/services\/to-take-advantage-of-exclusive-resources-when-making-a-purchase\/"]}]},{"@type":"ImageObject","inLanguage":"en-US","@id":"https:\/\/ciemcq.com\/en\/services\/to-take-advantage-of-exclusive-resources-when-making-a-purchase\/#primaryimage","url":"https:\/\/ciemcq.com\/wp-content\/uploads\/2023\/04\/chambireImmobiliere_service_vendreAcheter.png","contentUrl":"https:\/\/ciemcq.com\/wp-content\/uploads\/2023\/04\/chambireImmobiliere_service_vendreAcheter.png"},{"@type":"BreadcrumbList","@id":"https:\/\/ciemcq.com\/en\/services\/to-take-advantage-of-exclusive-resources-when-making-a-purchase\/#breadcrumb","itemListElement":[{"@type":"ListItem","position":1,"name":"Accueil","item":"https:\/\/ciemcq.com\/en\/home\/"},{"@type":"ListItem","position":2,"name":"Services","item":"https:\/\/ciemcq.com\/en\/services\/"},{"@type":"ListItem","position":3,"name":"To take advantage of exclusive resources when making a purchase"}]},{"@type":"WebSite","@id":"https:\/\/ciemcq.com\/en\/#website","url":"https:\/\/ciemcq.com\/en\/","name":"Chambre Immobili\u00e8re Estrie-Mauricie-Centre Du Qu\u00e9bec","description":"La r\u00e9f\u00e9rence incontournable en immobilier","publisher":{"@id":"https:\/\/ciemcq.com\/en\/#organization"},"potentialAction":[{"@type":"SearchAction","target":{"@type":"EntryPoint","urlTemplate":"https:\/\/ciemcq.com\/en\/?s={search_term_string}"},"query-input":{"@type":"PropertyValueSpecification","valueRequired":true,"valueName":"search_term_string"}}],"inLanguage":"en-US"},{"@type":"Organization","@id":"https:\/\/ciemcq.com\/en\/#organization","name":"Chambre Immobili\u00e8re Estrie-Mauricie-Centre Du Qu\u00e9bec","url":"https:\/\/ciemcq.com\/en\/","logo":{"@type":"ImageObject","inLanguage":"en-US","@id":"https:\/\/ciemcq.com\/en\/#\/schema\/logo\/image\/","url":"https:\/\/ciemcq.com\/wp-content\/uploads\/2023\/03\/chambireImmobiliere_logoBlack_horizontal.svg","contentUrl":"https:\/\/ciemcq.com\/wp-content\/uploads\/2023\/03\/chambireImmobiliere_logoBlack_horizontal.svg","width":338,"height":69,"caption":"Chambre Immobili\u00e8re Estrie-Mauricie-Centre Du Qu\u00e9bec"},"image":{"@id":"https:\/\/ciemcq.com\/en\/#\/schema\/logo\/image\/"}}]}},"_links":{"self":[{"href":"https:\/\/ciemcq.com\/en\/wp-json\/wp\/v2\/pages\/1856","targetHints":{"allow":["GET"]}}],"collection":[{"href":"https:\/\/ciemcq.com\/en\/wp-json\/wp\/v2\/pages"}],"about":[{"href":"https:\/\/ciemcq.com\/en\/wp-json\/wp\/v2\/types\/page"}],"author":[{"embeddable":true,"href":"https:\/\/ciemcq.com\/en\/wp-json\/wp\/v2\/users\/1"}],"replies":[{"embeddable":true,"href":"https:\/\/ciemcq.com\/en\/wp-json\/wp\/v2\/comments?post=1856"}],"version-history":[{"count":1,"href":"https:\/\/ciemcq.com\/en\/wp-json\/wp\/v2\/pages\/1856\/revisions"}],"predecessor-version":[{"id":1857,"href":"https:\/\/ciemcq.com\/en\/wp-json\/wp\/v2\/pages\/1856\/revisions\/1857"}],"up":[{"embeddable":true,"href":"https:\/\/ciemcq.com\/en\/wp-json\/wp\/v2\/pages\/1846"}],"wp:attachment":[{"href":"https:\/\/ciemcq.com\/en\/wp-json\/wp\/v2\/media?parent=1856"}],"curies":[{"name":"wp","href":"https:\/\/api.w.org\/{rel}","templated":true}]}}